{"id":2,"date":"2018-07-12T13:11:21","date_gmt":"2018-07-12T11:11:21","guid":{"rendered":"http:\/\/corpusbio.com\/?page_id=2"},"modified":"2018-08-11T18:16:42","modified_gmt":"2018-08-11T16:16:42","slug":"page-d-exemple","status":"publish","type":"page","link":"https:\/\/corpusbio.com\/index.php\/page-d-exemple\/","title":{"rendered":"Pourquoi ce blog?"},"content":{"rendered":"<p style=\"text-align: left;\">Je suis une maman de 43 ans qui doute de la volont\u00e9 que notre soci\u00e9t\u00e9 moderne pr\u00e9tend mettre en application pour am\u00e9liorer notre sant\u00e9. Malgr\u00e9 de nombreuses alertes prouv\u00e9es scientifiquement quant aux dangers sur notre sant\u00e9 de certains produits, les hautes autorit\u00e9s europ\u00e9ennes et fran\u00e7aises ne r\u00e9agissent pas en les interdisant (glyphosate, perturbateurs endocriniens). De nos jours, qui ne conna\u00eet pas une personne de son entourage atteinte par une maladie chronique: cancer, autisme, scl\u00e9rose en plaques&#8230;<\/p>\n<p style=\"text-align: center;\"><strong>Alors que faire ? Avons-nous la possibilit\u00e9 de prendre soin de nous autrement, en limitant la contraction \u00e9ventuelle d&rsquo;une maladie ?<\/strong><\/p>\n<p style=\"text-align: left;\">Submerg\u00e9s par l&rsquo;hyper modernit\u00e9, nous avons oubli\u00e9 que l&rsquo;\u00eatre humain fait partie int\u00e9grante de l&rsquo;\u00e9cosyst\u00e8me de la Terre. Chaque \u00e9l\u00e9ment de la nature est en interaction. Ainsi, celle-ci nous met \u00e0 disposition des produits m\u00e9dicinaux naturels pour \u00eatre en bonne sant\u00e9 et pour se soigner. Car oui, \u00eatre en bonne sant\u00e9, c&rsquo;est tout d&rsquo;abord se nourrir en \u00e9quilibrant ses apports au quotidien pour fournir au corps son \u00e9nergie n\u00e9cessaire. Tout ce que nous ingurgitons va d\u00e9finir notre sant\u00e9.<\/p>\n<p style=\"text-align: left;\"><strong>Et comment ? \u00a0 \u00a0 \u00a0 \u00a0 \u00a0 \u00a0 \u00a0 \u00a0 \u00a0 \u00a0 \u00a0 \u00a0 \u00a0 \u00a0 \u00a0 \u00a0 \u00a0 \u00a0 \u00a0 \u00a0 \u00a0 \u00a0 \u00a0 \u00a0 \u00a0 \u00a0 \u00a0 \u00a0 \u00a0 \u00a0 \u00a0 \u00a0 \u00a0 \u00a0 \u00a0 \u00a0 \u00a0 \u00a0 \u00a0 \u00a0 \u00a0 \u00a0 \u00a0 \u00a0 \u00a0 \u00a0 \u00a0 \u00a0 \u00a0 \u00a0 \u00a0 \u00a0 \u00a0 \u00a0 \u00a0 \u00a0 \u00a0 \u00a0 \u00a0 \u00a0 \u00a0<\/strong>\u00a0Le syst\u00e8me digestif est la cl\u00e9 de notre sant\u00e9. Il contribue \u00e0 convertir les aliments en nutriments et en \u00e9nergie pour le bon fonctionnement de notre organisme. D&rsquo;o\u00f9 l&rsquo;importance de faire attention \u00e0 ce que nous avalons. Le r\u00e9sultat peut \u00eatre b\u00e9n\u00e9fique ou n\u00e9faste sur notre corps. En effet, des \u00e9tudes ont prouv\u00e9 que notre microbiote ou flore intestinale, situ\u00e9 dans notre intestin et renfermant les bact\u00e9ries pour la transformation de nos aliments, jouait un r\u00f4le non n\u00e9gligeable dans l&rsquo;apparition et l&rsquo;\u00e9volution de certaines maladies chroniques. C&rsquo;est pourquoi il faut \u00eatre conscient, d\u00e8s le d\u00e9part, d&rsquo;ing\u00e9rer des produits sains, sans pesticides. \u00a0 De plus, le corps a d\u00e9velopp\u00e9 un syst\u00e8me immunitaire tr\u00e8s sophistiqu\u00e9 pour combattre les infections bact\u00e9riennes ou virales. Or, dans notre soci\u00e9t\u00e9, les agressions environnementales sont si nombreuses que notre syst\u00e8me immunitaire est sollicit\u00e9 constamment. C&rsquo;est pourquoi il faut l&rsquo;aider quand nous commen\u00e7ons \u00e0 sentir une faiblesse. \u00c9couter son corps est important.<\/p>\n<p>Vous allez me dire, mais nous avons d\u00e9j\u00e0 les rem\u00e8des chimiques pour palier aux maladies! Le probl\u00e8me est que, sur la longueur, les rem\u00e8des chimiques affaiblissent l&rsquo;organisme \u00e0 cause de leur composition, comme la pr\u00e9sence de nanoparticules de m\u00e9taux lourds. Autre probl\u00e8me, les antibiotiques ( par exemple) ne ciblent pas uniquement l&rsquo;infection, ils d\u00e9truisent \u00e9galement les bonnes bact\u00e9ries utiles \u00e0 notre flore intestinale. Le corps a juste besoin que l&rsquo;on renforce naturellement son syst\u00e8me immunitaire, afin de mieux combattre l&rsquo;infection avec ses propres armes, tout en respectant son syst\u00e8me digestif. Si la maladie revient, le corps \u00e9tant immunis\u00e9, celle-ci sera moins virulente.<\/p>\n<p style=\"text-align: center;\"><strong>Il faut juste savoir quoi lui donner.<\/strong><\/p>\n<p style=\"text-align: left;\">Et ce blog va me permettre de partager avec vous mes d\u00e9couvertes de rem\u00e8des naturels, accessibles \u00e0 tous, pour combattre certaines infections d\u00e8s les premiers sympt\u00f4mes et gu\u00e9rir. Je rappelle: toujours <span style=\"color: #008000;\">BIO<\/span>. \u00a0 \u00a0 \u00a0 \u00a0 \u00a0 \u00a0 \u00a0 \u00a0 \u00a0 \u00a0 \u00a0 \u00a0 \u00a0 \u00a0 \u00a0 \u00a0 \u00a0 \u00a0 \u00a0 \u00a0 \u00a0 \u00a0 \u00a0 \u00a0 \u00a0 \u00a0 \u00a0 \u00a0 \u00a0 \u00a0 Si le bio est d\u00e9j\u00e0 un clich\u00e9 pour certains, rappelons que nous n&rsquo;avons rien de mieux pour l&rsquo;instant.<\/p>\n<p style=\"text-align: left;\">Bien s\u00fbr, je parle d&rsquo;infections b\u00e9nignes. Vous savez tr\u00e8s bien quand vous avez besoin d&rsquo;un m\u00e9decin.<\/p>\n<p style=\"text-align: center;\">Alors c&rsquo;est parti!<\/p>\n<p style=\"text-align: center;\"><strong>\u00a0 \u00a0 \u00a0 \u00a0 \u00a0 \u00a0 \u00a0 \u00a0 \u00a0 \u00a0 \u00a0 \u00a0 \u00a0 \u00a0 \u00a0 \u00a0 \u00a0 \u00a0 \u00a0 \u00a0 \u00a0 \u00a0 \u00a0 \u00a0 \u00a0 \u00a0 \u00a0 \u00a0 \u00a0 \u00a0 \u00a0 \u00a0 \u00a0 \u00a0 \u00a0 \u00a0 \u00a0 \u00a0 \u00a0 \u00a0 \u00a0 \u00a0 \u00a0 \u00a0 \u00a0 \u00a0 \u00a0 \u00a0 \u00a0 \u00a0 \u00a0 \u00a0 \u00a0 \u00a0 \u00a0 \u00a0 \u00a0 \u00a0 \u00a0 \u00a0 \u00a0 \u00a0 \u00a0 \u00a0 \u00a0 \u00a0 \u00a0 \u00a0\u00a0<\/strong><\/p>\n<p>&nbsp;<\/p>\n","protected":false},"excerpt":{"rendered":"<p>Je suis une maman de 43 ans qui doute de la volont\u00e9 que notre soci\u00e9t\u00e9 moderne pr\u00e9tend mettre en application pour am\u00e9liorer notre sant\u00e9. Malgr\u00e9 de nombreuses alertes prouv\u00e9es scientifiquement quant aux dangers sur notre sant\u00e9 de certains produits, les hautes autorit\u00e9s europ\u00e9ennes et fran\u00e7aises ne r\u00e9agissent pas en les interdisant (glyphosate, perturbateurs endocriniens). De &hellip; <a href=\"https:\/\/corpusbio.com\/index.php\/page-d-exemple\/\" class=\"more-link\">Continuer la lecture de <span class=\"screen-reader-text\">Pourquoi ce blog?<\/span><\/a><\/p>\n","protected":false},"author":1,"featured_media":0,"parent":0,"menu_order":0,"comment_status":"closed","ping_status":"open","template":"","meta":[],"yoast_head":"<!-- This site is optimized with the Yoast SEO plugin v15.1.1 - https:\/\/yoast.com\/wordpress\/plugins\/seo\/ -->\n<title>Pourquoi ce blog? - CORPUS BIO<\/title>\n<meta name=\"robots\" content=\"index, follow, max-snippet:-1, max-image-preview:large, max-video-preview:-1\" \/>\n<link rel=\"canonical\" href=\"https:\/\/corpusbio.com\/index.php\/page-d-exemple\/\" \/>\n<meta property=\"og:locale\" content=\"fr_FR\" \/>\n<meta property=\"og:type\" content=\"article\" \/>\n<meta property=\"og:title\" content=\"Pourquoi ce blog? - CORPUS BIO\" \/>\n<meta property=\"og:description\" content=\"Je suis une maman de 43 ans qui doute de la volont\u00e9 que notre soci\u00e9t\u00e9 moderne pr\u00e9tend mettre en application pour am\u00e9liorer notre sant\u00e9. Malgr\u00e9 de nombreuses alertes prouv\u00e9es scientifiquement quant aux dangers sur notre sant\u00e9 de certains produits, les hautes autorit\u00e9s europ\u00e9ennes et fran\u00e7aises ne r\u00e9agissent pas en les interdisant (glyphosate, perturbateurs endocriniens). De &hellip; Continuer la lecture de Pourquoi ce blog?\" \/>\n<meta property=\"og:url\" content=\"https:\/\/corpusbio.com\/index.php\/page-d-exemple\/\" \/>\n<meta property=\"og:site_name\" content=\"CORPUS BIO\" \/>\n<meta property=\"article:modified_time\" content=\"2018-08-11T16:16:42+00:00\" \/>\n<meta name=\"twitter:card\" content=\"summary_large_image\" \/>\n<script type=\"application\/ld+json\" class=\"yoast-schema-graph\">{\"@context\":\"https:\/\/schema.org\",\"@graph\":[{\"@type\":[\"Person\",\"Organization\"],\"@id\":\"https:\/\/corpusbio.com\/#\/schema\/person\/bdd5055130559d410a04c64c076875ce\",\"name\":\"mimi\",\"image\":{\"@type\":\"ImageObject\",\"@id\":\"https:\/\/corpusbio.com\/#personlogo\",\"inLanguage\":\"fr-FR\",\"url\":\"https:\/\/secure.gravatar.com\/avatar\/10f39ff057080fce202eaa979faeddc2?s=96&d=mm&r=g\",\"caption\":\"mimi\"},\"logo\":{\"@id\":\"https:\/\/corpusbio.com\/#personlogo\"}},{\"@type\":\"WebSite\",\"@id\":\"https:\/\/corpusbio.com\/#website\",\"url\":\"https:\/\/corpusbio.com\/\",\"name\":\"CORPUS BIO\",\"description\":\"Comment se soigner naturellement\",\"publisher\":{\"@id\":\"https:\/\/corpusbio.com\/#\/schema\/person\/bdd5055130559d410a04c64c076875ce\"},\"potentialAction\":[{\"@type\":\"SearchAction\",\"target\":\"https:\/\/corpusbio.com\/?s={search_term_string}\",\"query-input\":\"required name=search_term_string\"}],\"inLanguage\":\"fr-FR\"},{\"@type\":\"WebPage\",\"@id\":\"https:\/\/corpusbio.com\/index.php\/page-d-exemple\/#webpage\",\"url\":\"https:\/\/corpusbio.com\/index.php\/page-d-exemple\/\",\"name\":\"Pourquoi ce blog? - CORPUS BIO\",\"isPartOf\":{\"@id\":\"https:\/\/corpusbio.com\/#website\"},\"datePublished\":\"2018-07-12T11:11:21+00:00\",\"dateModified\":\"2018-08-11T16:16:42+00:00\",\"inLanguage\":\"fr-FR\",\"potentialAction\":[{\"@type\":\"ReadAction\",\"target\":[\"https:\/\/corpusbio.com\/index.php\/page-d-exemple\/\"]}]}]}<\/script>\n<!-- \/ Yoast SEO plugin. -->","_links":{"self":[{"href":"https:\/\/corpusbio.com\/index.php\/wp-json\/wp\/v2\/pages\/2"}],"collection":[{"href":"https:\/\/corpusbio.com\/index.php\/wp-json\/wp\/v2\/pages"}],"about":[{"href":"https:\/\/corpusbio.com\/index.php\/wp-json\/wp\/v2\/types\/page"}],"author":[{"embeddable":true,"href":"https:\/\/corpusbio.com\/index.php\/wp-json\/wp\/v2\/users\/1"}],"replies":[{"embeddable":true,"href":"https:\/\/corpusbio.com\/index.php\/wp-json\/wp\/v2\/comments?post=2"}],"version-history":[{"count":7,"href":"https:\/\/corpusbio.com\/index.php\/wp-json\/wp\/v2\/pages\/2\/revisions"}],"predecessor-version":[{"id":176,"href":"https:\/\/corpusbio.com\/index.php\/wp-json\/wp\/v2\/pages\/2\/revisions\/176"}],"wp:attachment":[{"href":"https:\/\/corpusbio.com\/index.php\/wp-json\/wp\/v2\/media?parent=2"}],"curies":[{"name":"wp","href":"https:\/\/api.w.org\/{rel}","templated":true}]}}